{"id":385,"date":"2021-05-05T13:14:43","date_gmt":"2021-05-05T10:14:43","guid":{"rendered":"http:\/\/suvariarms.com\/?page_id=385"},"modified":"2021-05-05T13:14:43","modified_gmt":"2021-05-05T10:14:43","slug":"cantalar-klasik","status":"publish","type":"page","link":"http:\/\/suvariarms.com\/tr\/cantalar-klasik\/","title":{"rendered":"\u00c7ANTALAR KLAS\u0130K"},"content":{"rendered":"","protected":false},"excerpt":{"rendered":"","protected":false},"author":1,"featured_media":0,"parent":0,"menu_order":0,"comment_status":"closed","ping_status":"closed","template":"","meta":{"_acf_changed":false,"footnotes":""},"class_list":["post-385","page","type-page","status-publish","hentry"],"acf":[],"yoast_head":"<!-- This site is optimized with the Yoast SEO plugin v27.1.1 - https:\/\/yoast.com\/product\/yoast-seo-wordpress\/ -->\n<title>\u00c7ANTALAR KLAS\u0130K - Suvari Arms<\/title>\n<meta name=\"robots\" content=\"noindex, follow\" \/>\n<meta property=\"og:locale\" content=\"tr_TR\" \/>\n<meta property=\"og:type\" content=\"article\" \/>\n<meta property=\"og:title\" content=\"\u00c7ANTALAR KLAS\u0130K - Suvari Arms\" \/>\n<meta property=\"og:url\" content=\"https:\/\/suvariarms.com\/tr\/cantalar-klasik\/\" \/>\n<meta property=\"og:site_name\" content=\"Suvari Arms\" \/>\n<meta name=\"twitter:card\" content=\"summary_large_image\" \/>\n<script type=\"application\/ld+json\" class=\"yoast-schema-graph\">{\"@context\":\"https:\/\/schema.org\",\"@graph\":[{\"@type\":\"WebPage\",\"@id\":\"https:\/\/suvariarms.com\/tr\/cantalar-klasik\/\",\"url\":\"https:\/\/suvariarms.com\/tr\/cantalar-klasik\/\",\"name\":\"\u00c7ANTALAR KLAS\u0130K - Suvari Arms\",\"isPartOf\":{\"@id\":\"http:\/\/suvariarms.com\/tr\/#website\"},\"datePublished\":\"2021-05-05T10:14:43+00:00\",\"breadcrumb\":{\"@id\":\"https:\/\/suvariarms.com\/tr\/cantalar-klasik\/#breadcrumb\"},\"inLanguage\":\"tr\",\"potentialAction\":[{\"@type\":\"ReadAction\",\"target\":[\"https:\/\/suvariarms.com\/tr\/cantalar-klasik\/\"]}]},{\"@type\":\"BreadcrumbList\",\"@id\":\"https:\/\/suvariarms.com\/tr\/cantalar-klasik\/#breadcrumb\",\"itemListElement\":[{\"@type\":\"ListItem\",\"position\":1,\"name\":\"Anasayfa\",\"item\":\"http:\/\/suvariarms.com\/tr\/\"},{\"@type\":\"ListItem\",\"position\":2,\"name\":\"\u00c7ANTALAR KLAS\u0130K\"}]},{\"@type\":\"WebSite\",\"@id\":\"http:\/\/suvariarms.com\/tr\/#website\",\"url\":\"http:\/\/suvariarms.com\/tr\/\",\"name\":\"Suvari Arms\",\"description\":\"\",\"publisher\":{\"@id\":\"http:\/\/suvariarms.com\/tr\/#organization\"},\"potentialAction\":[{\"@type\":\"SearchAction\",\"target\":{\"@type\":\"EntryPoint\",\"urlTemplate\":\"http:\/\/suvariarms.com\/tr\/?s={search_term_string}\"},\"query-input\":{\"@type\":\"PropertyValueSpecification\",\"valueRequired\":true,\"valueName\":\"search_term_string\"}}],\"inLanguage\":\"tr\"},{\"@type\":\"Organization\",\"@id\":\"http:\/\/suvariarms.com\/tr\/#organization\",\"name\":\"Suvari Arms\",\"url\":\"http:\/\/suvariarms.com\/tr\/\",\"logo\":{\"@type\":\"ImageObject\",\"inLanguage\":\"tr\",\"@id\":\"http:\/\/suvariarms.com\/tr\/#\/schema\/logo\/image\/\",\"url\":\"http:\/\/suvariarms.com\/tr\/wp-content\/uploads\/2021\/03\/cropped-son-slogansiz-Kopya.png\",\"contentUrl\":\"http:\/\/suvariarms.com\/tr\/wp-content\/uploads\/2021\/03\/cropped-son-slogansiz-Kopya.png\",\"width\":512,\"height\":512,\"caption\":\"Suvari Arms\"},\"image\":{\"@id\":\"http:\/\/suvariarms.com\/tr\/#\/schema\/logo\/image\/\"}}]}<\/script>\n<!-- \/ Yoast SEO plugin. -->","yoast_head_json":{"title":"\u00c7ANTALAR KLAS\u0130K - Suvari Arms","robots":{"index":"noindex","follow":"follow"},"og_locale":"tr_TR","og_type":"article","og_title":"\u00c7ANTALAR KLAS\u0130K - Suvari Arms","og_url":"https:\/\/suvariarms.com\/tr\/cantalar-klasik\/","og_site_name":"Suvari Arms","twitter_card":"summary_large_image","schema":{"@context":"https:\/\/schema.org","@graph":[{"@type":"WebPage","@id":"https:\/\/suvariarms.com\/tr\/cantalar-klasik\/","url":"https:\/\/suvariarms.com\/tr\/cantalar-klasik\/","name":"\u00c7ANTALAR KLAS\u0130K - Suvari Arms","isPartOf":{"@id":"http:\/\/suvariarms.com\/tr\/#website"},"datePublished":"2021-05-05T10:14:43+00:00","breadcrumb":{"@id":"https:\/\/suvariarms.com\/tr\/cantalar-klasik\/#breadcrumb"},"inLanguage":"tr","potentialAction":[{"@type":"ReadAction","target":["https:\/\/suvariarms.com\/tr\/cantalar-klasik\/"]}]},{"@type":"BreadcrumbList","@id":"https:\/\/suvariarms.com\/tr\/cantalar-klasik\/#breadcrumb","itemListElement":[{"@type":"ListItem","position":1,"name":"Anasayfa","item":"http:\/\/suvariarms.com\/tr\/"},{"@type":"ListItem","position":2,"name":"\u00c7ANTALAR KLAS\u0130K"}]},{"@type":"WebSite","@id":"http:\/\/suvariarms.com\/tr\/#website","url":"http:\/\/suvariarms.com\/tr\/","name":"Suvari Arms","description":"","publisher":{"@id":"http:\/\/suvariarms.com\/tr\/#organization"},"potentialAction":[{"@type":"SearchAction","target":{"@type":"EntryPoint","urlTemplate":"http:\/\/suvariarms.com\/tr\/?s={search_term_string}"},"query-input":{"@type":"PropertyValueSpecification","valueRequired":true,"valueName":"search_term_string"}}],"inLanguage":"tr"},{"@type":"Organization","@id":"http:\/\/suvariarms.com\/tr\/#organization","name":"Suvari Arms","url":"http:\/\/suvariarms.com\/tr\/","logo":{"@type":"ImageObject","inLanguage":"tr","@id":"http:\/\/suvariarms.com\/tr\/#\/schema\/logo\/image\/","url":"http:\/\/suvariarms.com\/tr\/wp-content\/uploads\/2021\/03\/cropped-son-slogansiz-Kopya.png","contentUrl":"http:\/\/suvariarms.com\/tr\/wp-content\/uploads\/2021\/03\/cropped-son-slogansiz-Kopya.png","width":512,"height":512,"caption":"Suvari Arms"},"image":{"@id":"http:\/\/suvariarms.com\/tr\/#\/schema\/logo\/image\/"}}]}},"_links":{"self":[{"href":"http:\/\/suvariarms.com\/tr\/wp-json\/wp\/v2\/pages\/385","targetHints":{"allow":["GET"]}}],"collection":[{"href":"http:\/\/suvariarms.com\/tr\/wp-json\/wp\/v2\/pages"}],"about":[{"href":"http:\/\/suvariarms.com\/tr\/wp-json\/wp\/v2\/types\/page"}],"author":[{"embeddable":true,"href":"http:\/\/suvariarms.com\/tr\/wp-json\/wp\/v2\/users\/1"}],"replies":[{"embeddable":true,"href":"http:\/\/suvariarms.com\/tr\/wp-json\/wp\/v2\/comments?post=385"}],"version-history":[{"count":1,"href":"http:\/\/suvariarms.com\/tr\/wp-json\/wp\/v2\/pages\/385\/revisions"}],"predecessor-version":[{"id":386,"href":"http:\/\/suvariarms.com\/tr\/wp-json\/wp\/v2\/pages\/385\/revisions\/386"}],"wp:attachment":[{"href":"http:\/\/suvariarms.com\/tr\/wp-json\/wp\/v2\/media?parent=385"}],"curies":[{"name":"wp","href":"https:\/\/api.w.org\/{rel}","templated":true}]}}